{"id":160,"date":"2022-10-21T15:30:18","date_gmt":"2022-10-21T15:30:18","guid":{"rendered":"https:\/\/classemarketingdigital.com.br\/index.php\/about\/"},"modified":"2022-11-03T12:16:07","modified_gmt":"2022-11-03T12:16:07","slug":"about","status":"publish","type":"page","link":"https:\/\/classemarketingdigital.com.br\/index.php\/about\/","title":{"rendered":"Quem Somos"},"content":{"rendered":"\t\t<div data-elementor-type=\"wp-page\" data-elementor-id=\"160\" class=\"elementor elementor-160\">\n\t\t\t\t\t\t\t\t\t<section class=\"elementor-section elementor-top-section elementor-element elementor-element-2eb824ac elementor-section-height-min-height elementor-section-boxed elementor-section-height-default elementor-section-items-middle\" data-id=\"2eb824ac\" data-element_type=\"section\" data-settings=\"{&quot;background_background&quot;:&quot;slideshow&quot;,&quot;shape_divider_bottom&quot;:&quot;waves&quot;,&quot;background_slideshow_gallery&quot;:[{&quot;id&quot;:402,&quot;url&quot;:&quot;https:\\\/\\\/classemarketingdigital.com.br\\\/wp-content\\\/uploads\\\/2022\\\/10\\\/Imagem-do-WhatsApp-de-2022-10-27-as-12.00.351.jpg&quot;},{&quot;id&quot;:403,&quot;url&quot;:&quot;https:\\\/\\\/classemarketingdigital.com.br\\\/wp-content\\\/uploads\\\/2022\\\/10\\\/Imagem-do-WhatsApp-de-2022-10-27-as-12.00.33.jpg&quot;},{&quot;id&quot;:401,&quot;url&quot;:&quot;https:\\\/\\\/classemarketingdigital.com.br\\\/wp-content\\\/uploads\\\/2022\\\/10\\\/Imagem-do-WhatsApp-de-2022-10-27-as-12.00.342.jpg&quot;}],&quot;background_slideshow_loop&quot;:&quot;yes&quot;,&quot;background_slideshow_slide_duration&quot;:5000,&quot;background_slideshow_slide_transition&quot;:&quot;fade&quot;,&quot;background_slideshow_transition_duration&quot;:500}\">\n\t\t\t\t\t\t\t<div class=\"elementor-background-overlay\"><\/div>\n\t\t\t\t\t\t<div class=\"elementor-shape elementor-shape-bottom\" data-negative=\"false\">\n\t\t\t<svg xmlns=\"http:\/\/www.w3.org\/2000\/svg\" viewBox=\"0 0 1000 100\" preserveAspectRatio=\"none\">\n\t<path class=\"elementor-shape-fill\" d=\"M421.9,6.5c22.6-2.5,51.5,0.4,75.5,5.3c23.6,4.9,70.9,23.5,100.5,35.7c75.8,32.2,133.7,44.5,192.6,49.7\n\tc23.6,2.1,48.7,3.5,103.4-2.5c54.7-6,106.2-25.6,106.2-25.6V0H0v30.3c0,0,72,32.6,158.4,30.5c39.2-0.7,92.8-6.7,134-22.4\n\tc21.2-8.1,52.2-18.2,79.7-24.2C399.3,7.9,411.6,7.5,421.9,6.5z\"\/>\n<\/svg>\t\t<\/div>\n\t\t\t\t\t<div class=\"elementor-container elementor-column-gap-default\">\n\t\t\t\t\t<div class=\"elementor-column elementor-col-100 elementor-top-column elementor-element elementor-element-25904165\" data-id=\"25904165\" data-element_type=\"column\">\n\t\t\t<div class=\"elementor-widget-wrap elementor-element-populated\">\n\t\t\t\t\t\t\t\t<div class=\"elementor-element elementor-element-218ef851 elementor-widget elementor-widget-heading\" data-id=\"218ef851\" data-element_type=\"widget\" data-widget_type=\"heading.default\">\n\t\t\t\t<div class=\"elementor-widget-container\">\n\t\t\t<style>\/*! elementor - v3.10.2 - 29-01-2023 *\/\n.elementor-heading-title{padding:0;margin:0;line-height:1}.elementor-widget-heading .elementor-heading-title[class*=elementor-size-]>a{color:inherit;font-size:inherit;line-height:inherit}.elementor-widget-heading .elementor-heading-title.elementor-size-small{font-size:15px}.elementor-widget-heading .elementor-heading-title.elementor-size-medium{font-size:19px}.elementor-widget-heading .elementor-heading-title.elementor-size-large{font-size:29px}.elementor-widget-heading .elementor-heading-title.elementor-size-xl{font-size:39px}.elementor-widget-heading .elementor-heading-title.elementor-size-xxl{font-size:59px}<\/style><h1 class=\"elementor-heading-title elementor-size-default\">Sobre N\u00f3s<\/h1>\t\t<\/div>\n\t\t\t\t<\/div>\n\t\t\t\t<div class=\"elementor-element elementor-element-5735a0b5 elementor-widget elementor-widget-heading\" data-id=\"5735a0b5\" data-element_type=\"widget\" data-widget_type=\"heading.default\">\n\t\t\t\t<div class=\"elementor-widget-container\">\n\t\t\t<h3 class=\"elementor-heading-title elementor-size-default\">Quem \u00e9 a Classe marketing digital?<\/h3>\t\t<\/div>\n\t\t\t\t<\/div>\n\t\t\t\t\t<\/div>\n\t\t<\/div>\n\t\t\t\t\t\t\t<\/div>\n\t\t<\/section>\n\t\t\t\t<section class=\"elementor-section elementor-top-section elementor-element elementor-element-2d685326 elementor-section-boxed elementor-section-height-default elementor-section-height-default\" data-id=\"2d685326\" data-element_type=\"section\" data-settings=\"{&quot;background_background&quot;:&quot;classic&quot;}\">\n\t\t\t\t\t\t\t<div class=\"elementor-background-overlay\"><\/div>\n\t\t\t\t\t\t\t<div class=\"elementor-container elementor-column-gap-default\">\n\t\t\t\t\t<div class=\"elementor-column elementor-col-50 elementor-top-column elementor-element elementor-element-3db0c705\" data-id=\"3db0c705\" data-element_type=\"column\">\n\t\t\t<div class=\"elementor-widget-wrap elementor-element-populated\">\n\t\t\t\t\t\t\t\t<div class=\"elementor-element elementor-element-1c042dcc elementor-widget-tablet__width-initial elementor-widget elementor-widget-image\" data-id=\"1c042dcc\" data-element_type=\"widget\" data-settings=\"{&quot;motion_fx_motion_fx_scrolling&quot;:&quot;yes&quot;,&quot;motion_fx_translateY_effect&quot;:&quot;yes&quot;,&quot;motion_fx_translateY_speed&quot;:{&quot;unit&quot;:&quot;px&quot;,&quot;size&quot;:&quot;1&quot;,&quot;sizes&quot;:[]},&quot;motion_fx_translateY_affectedRange&quot;:{&quot;unit&quot;:&quot;%&quot;,&quot;size&quot;:&quot;&quot;,&quot;sizes&quot;:{&quot;start&quot;:0,&quot;end&quot;:100}},&quot;motion_fx_devices&quot;:[&quot;desktop&quot;,&quot;tablet&quot;,&quot;mobile&quot;]}\" data-widget_type=\"image.default\">\n\t\t\t\t<div class=\"elementor-widget-container\">\n\t\t\t<style>\/*! elementor - v3.10.2 - 29-01-2023 *\/\n.elementor-widget-image{text-align:center}.elementor-widget-image a{display:inline-block}.elementor-widget-image a img[src$=\".svg\"]{width:48px}.elementor-widget-image img{vertical-align:middle;display:inline-block}<\/style>\t\t\t\t\t\t\t\t\t\t\t\t<img decoding=\"async\" width=\"1261\" height=\"1684\" src=\"https:\/\/classemarketingdigital.com.br\/wp-content\/uploads\/2022\/10\/imagem-2.jpeg\" class=\"attachment-full size-full wp-image-405\" alt=\"Tamara Magalh\u00e3es - Classe Marketing Digital\" loading=\"lazy\" srcset=\"https:\/\/classemarketingdigital.com.br\/wp-content\/uploads\/2022\/10\/imagem-2.jpeg 1261w, https:\/\/classemarketingdigital.com.br\/wp-content\/uploads\/2022\/10\/imagem-2-225x300.jpeg 225w, https:\/\/classemarketingdigital.com.br\/wp-content\/uploads\/2022\/10\/imagem-2-767x1024.jpeg 767w, https:\/\/classemarketingdigital.com.br\/wp-content\/uploads\/2022\/10\/imagem-2-768x1026.jpeg 768w, https:\/\/classemarketingdigital.com.br\/wp-content\/uploads\/2022\/10\/imagem-2-1150x1536.jpeg 1150w, https:\/\/classemarketingdigital.com.br\/wp-content\/uploads\/2022\/10\/imagem-2-1200x1603.jpeg 1200w\" sizes=\"(max-width: 1261px) 100vw, 1261px\" \/>\t\t\t\t\t\t\t\t\t\t\t\t\t\t\t<\/div>\n\t\t\t\t<\/div>\n\t\t\t\t\t<\/div>\n\t\t<\/div>\n\t\t\t\t<div class=\"elementor-column elementor-col-50 elementor-top-column elementor-element elementor-element-18a43034\" data-id=\"18a43034\" data-element_type=\"column\">\n\t\t\t<div class=\"elementor-widget-wrap elementor-element-populated\">\n\t\t\t\t\t\t\t\t<div class=\"elementor-element elementor-element-279d1ef5 elementor-widget elementor-widget-heading\" data-id=\"279d1ef5\" data-element_type=\"widget\" data-widget_type=\"heading.default\">\n\t\t\t\t<div class=\"elementor-widget-container\">\n\t\t\t<h2 class=\"elementor-heading-title elementor-size-default\">Estamos Al\u00e9m<\/h2>\t\t<\/div>\n\t\t\t\t<\/div>\n\t\t\t\t<div class=\"elementor-element elementor-element-238a6d1a elementor-widget elementor-widget-text-editor\" data-id=\"238a6d1a\" data-element_type=\"widget\" data-widget_type=\"text-editor.default\">\n\t\t\t\t<div class=\"elementor-widget-container\">\n\t\t\t<style>\/*! elementor - v3.10.2 - 29-01-2023 *\/\n.elementor-widget-text-editor.elementor-drop-cap-view-stacked .elementor-drop-cap{background-color:#818a91;color:#fff}.elementor-widget-text-editor.elementor-drop-cap-view-framed .elementor-drop-cap{color:#818a91;border:3px solid;background-color:transparent}.elementor-widget-text-editor:not(.elementor-drop-cap-view-default) .elementor-drop-cap{margin-top:8px}.elementor-widget-text-editor:not(.elementor-drop-cap-view-default) .elementor-drop-cap-letter{width:1em;height:1em}.elementor-widget-text-editor .elementor-drop-cap{float:left;text-align:center;line-height:1;font-size:50px}.elementor-widget-text-editor .elementor-drop-cap-letter{display:inline-block}<\/style>\t\t\t\t<p><span class=\"jsgrdq\"><span style=\"color: black;\">Por entender que o marketing para profissionais da sa\u00fade deve transmitir conte\u00fados e informa\u00e7\u00f5es que seja atrativo para seus seguidores, trabalhamos com conte\u00fados estrat\u00e9gicos, plurais e pensados personalizadamente para seu perfil, tendo em considera\u00e7\u00e3o seus objetivos pessoais.<\/span><\/span><\/p><p class=\"04xlpa\" style=\"line-height: 16.5pt;\"><span class=\"jsgrdq\"><span style=\"color: black;\">Somos uma empresa com 6 anos de mercado com alta escala de crescimento validada, sempre sonhando muito alto, sem tirar os p\u00e9s do ch\u00e3o. Acreditamos na entrega de materiais feitos com alma e com amor, muito mais que cliente, voc\u00ea ser\u00e1 nosso parceiro.<\/span><\/span><\/p><p class=\"04xlpa\" style=\"line-height: 16.5pt;\"><span class=\"jsgrdq\"><b><span style=\"color: black;\">Buscaremos agilizar sua rotina para que lhe sobre tempo para fazer o que domina: cuidar de vidas!<\/span><\/b><\/span><\/p><p class=\"04xlpa\" style=\"line-height: 16.5pt;\"><span class=\"jsgrdq\"><span style=\"color: black;\">Mais do que apenas investir em nossos servi\u00e7os, queremos que acredite em nosso porqu\u00ea, pois acreditamos no sucesso e compartilhamos dessa mente inquieta, vision\u00e1ria e sonhadora que sabemos que voc\u00ea tamb\u00e9m tem. Te esperamos para somarmos juntos! <\/span><\/span><\/p>\t\t\t\t\t\t<\/div>\n\t\t\t\t<\/div>\n\t\t\t\t<div class=\"elementor-element elementor-element-72a9eb49 elementor-align-left elementor-mobile-align-center elementor-widget elementor-widget-button\" data-id=\"72a9eb49\" data-element_type=\"widget\" data-widget_type=\"button.default\">\n\t\t\t\t<div class=\"elementor-widget-container\">\n\t\t\t\t\t<div class=\"elementor-button-wrapper\">\n\t\t\t<a href=\"https:\/\/classemarketingdigital.com.br\/index.php\/services\/\" class=\"elementor-button-link elementor-button elementor-size-md\" role=\"button\">\n\t\t\t\t\t\t<span class=\"elementor-button-content-wrapper\">\n\t\t\t\t\t\t\t<span class=\"elementor-button-icon elementor-align-icon-right\">\n\t\t\t\t<i aria-hidden=\"true\" class=\"fas fa-arrow-right\"><\/i>\t\t\t<\/span>\n\t\t\t\t\t\t<span class=\"elementor-button-text\">Saiba mais sobre nossos servi\u00e7os<\/span>\n\t\t<\/span>\n\t\t\t\t\t<\/a>\n\t\t<\/div>\n\t\t\t\t<\/div>\n\t\t\t\t<\/div>\n\t\t\t\t\t<\/div>\n\t\t<\/div>\n\t\t\t\t\t\t\t<\/div>\n\t\t<\/section>\n\t\t\t\t<section class=\"elementor-section elementor-top-section elementor-element elementor-element-61ed1d8c elementor-section-boxed elementor-section-height-default elementor-section-height-default\" data-id=\"61ed1d8c\" data-element_type=\"section\" data-settings=\"{&quot;background_background&quot;:&quot;gradient&quot;,&quot;shape_divider_top&quot;:&quot;waves&quot;}\">\n\t\t\t\t\t\t\t<div class=\"elementor-background-overlay\"><\/div>\n\t\t\t\t\t\t<div class=\"elementor-shape elementor-shape-top\" data-negative=\"false\">\n\t\t\t<svg xmlns=\"http:\/\/www.w3.org\/2000\/svg\" viewBox=\"0 0 1000 100\" preserveAspectRatio=\"none\">\n\t<path class=\"elementor-shape-fill\" d=\"M421.9,6.5c22.6-2.5,51.5,0.4,75.5,5.3c23.6,4.9,70.9,23.5,100.5,35.7c75.8,32.2,133.7,44.5,192.6,49.7\n\tc23.6,2.1,48.7,3.5,103.4-2.5c54.7-6,106.2-25.6,106.2-25.6V0H0v30.3c0,0,72,32.6,158.4,30.5c39.2-0.7,92.8-6.7,134-22.4\n\tc21.2-8.1,52.2-18.2,79.7-24.2C399.3,7.9,411.6,7.5,421.9,6.5z\"\/>\n<\/svg>\t\t<\/div>\n\t\t\t\t\t<div class=\"elementor-container elementor-column-gap-default\">\n\t\t\t\t\t<div class=\"elementor-column elementor-col-50 elementor-top-column elementor-element elementor-element-759baaf8\" data-id=\"759baaf8\" data-element_type=\"column\">\n\t\t\t<div class=\"elementor-widget-wrap elementor-element-populated\">\n\t\t\t\t\t\t\t\t<div class=\"elementor-element elementor-element-3ca606f6 elementor-widget elementor-widget-heading\" data-id=\"3ca606f6\" data-element_type=\"widget\" data-widget_type=\"heading.default\">\n\t\t\t\t<div class=\"elementor-widget-container\">\n\t\t\t<h4 class=\"elementor-heading-title elementor-size-default\">Voc\u00ea deseja crescer o seu neg\u00f3cio?<\/h4>\t\t<\/div>\n\t\t\t\t<\/div>\n\t\t\t\t<div class=\"elementor-element elementor-element-1a20df13 elementor-widget elementor-widget-heading\" data-id=\"1a20df13\" data-element_type=\"widget\" data-widget_type=\"heading.default\">\n\t\t\t\t<div class=\"elementor-widget-container\">\n\t\t\t<h2 class=\"elementor-heading-title elementor-size-default\">n\u00f3s podemos fazer isso juntos!<\/h2>\t\t<\/div>\n\t\t\t\t<\/div>\n\t\t\t\t<div class=\"elementor-element elementor-element-7edd6a6d elementor-mobile-align-center elementor-widget elementor-widget-button\" data-id=\"7edd6a6d\" data-element_type=\"widget\" data-widget_type=\"button.default\">\n\t\t\t\t<div class=\"elementor-widget-container\">\n\t\t\t\t\t<div class=\"elementor-button-wrapper\">\n\t\t\t<a href=\"https:\/\/api.whatsapp.com\/message\/GPYD7GA7PQY3K1\" class=\"elementor-button-link elementor-button elementor-size-md\" role=\"button\">\n\t\t\t\t\t\t<span class=\"elementor-button-content-wrapper\">\n\t\t\t\t\t\t\t<span class=\"elementor-button-icon elementor-align-icon-right\">\n\t\t\t\t<i aria-hidden=\"true\" class=\"fas fa-arrow-right\"><\/i>\t\t\t<\/span>\n\t\t\t\t\t\t<span class=\"elementor-button-text\">Fale Conosco e conhe\u00e7a nossos servi\u00e7os<\/span>\n\t\t<\/span>\n\t\t\t\t\t<\/a>\n\t\t<\/div>\n\t\t\t\t<\/div>\n\t\t\t\t<\/div>\n\t\t\t\t\t<\/div>\n\t\t<\/div>\n\t\t\t\t<div class=\"elementor-column elementor-col-50 elementor-top-column elementor-element elementor-element-1e028530\" data-id=\"1e028530\" data-element_type=\"column\">\n\t\t\t<div class=\"elementor-widget-wrap elementor-element-populated\">\n\t\t\t\t\t\t\t\t<div class=\"elementor-element elementor-element-428f214e elementor-widget elementor-widget-image\" data-id=\"428f214e\" data-element_type=\"widget\" data-settings=\"{&quot;motion_fx_motion_fx_scrolling&quot;:&quot;yes&quot;,&quot;motion_fx_translateY_effect&quot;:&quot;yes&quot;,&quot;motion_fx_translateY_direction&quot;:&quot;negative&quot;,&quot;motion_fx_translateY_speed&quot;:{&quot;unit&quot;:&quot;px&quot;,&quot;size&quot;:&quot;1&quot;,&quot;sizes&quot;:[]},&quot;motion_fx_devices&quot;:[&quot;desktop&quot;,&quot;tablet&quot;],&quot;motion_fx_translateY_affectedRange&quot;:{&quot;unit&quot;:&quot;%&quot;,&quot;size&quot;:&quot;&quot;,&quot;sizes&quot;:{&quot;start&quot;:&quot;0&quot;,&quot;end&quot;:&quot;50&quot;}}}\" data-widget_type=\"image.default\">\n\t\t\t\t<div class=\"elementor-widget-container\">\n\t\t\t\t\t\t\t\t\t\t\t\t\t\t\t<img decoding=\"async\" width=\"580\" height=\"729\" src=\"https:\/\/classemarketingdigital.com.br\/wp-content\/uploads\/2022\/10\/Imagem-do-WhatsApp-de-2022-10-27-as-12.00.34-768x965.jpg\" class=\"attachment-medium_large size-medium_large wp-image-404\" alt=\"Local Classe Marketing Digital\" loading=\"lazy\" srcset=\"https:\/\/classemarketingdigital.com.br\/wp-content\/uploads\/2022\/10\/Imagem-do-WhatsApp-de-2022-10-27-as-12.00.34-768x965.jpg 768w, https:\/\/classemarketingdigital.com.br\/wp-content\/uploads\/2022\/10\/Imagem-do-WhatsApp-de-2022-10-27-as-12.00.34-239x300.jpg 239w, https:\/\/classemarketingdigital.com.br\/wp-content\/uploads\/2022\/10\/Imagem-do-WhatsApp-de-2022-10-27-as-12.00.34-815x1024.jpg 815w, https:\/\/classemarketingdigital.com.br\/wp-content\/uploads\/2022\/10\/Imagem-do-WhatsApp-de-2022-10-27-as-12.00.34-1222x1536.jpg 1222w, https:\/\/classemarketingdigital.com.br\/wp-content\/uploads\/2022\/10\/Imagem-do-WhatsApp-de-2022-10-27-as-12.00.34-1200x1508.jpg 1200w, https:\/\/classemarketingdigital.com.br\/wp-content\/uploads\/2022\/10\/Imagem-do-WhatsApp-de-2022-10-27-as-12.00.34.jpg 1242w\" sizes=\"(max-width: 580px) 100vw, 580px\" \/>\t\t\t\t\t\t\t\t\t\t\t\t\t\t\t<\/div>\n\t\t\t\t<\/div>\n\t\t\t\t\t<\/div>\n\t\t<\/div>\n\t\t\t\t\t\t\t<\/div>\n\t\t<\/section>\n\t\t\t\t\t\t\t<\/div>\n\t\t","protected":false},"excerpt":{"rendered":"<p>Sobre N\u00f3s Quem \u00e9 a Classe marketing digital? Estamos Al\u00e9m Por entender que o marketing para profissionais da sa\u00fade deve transmitir conte\u00fados e informa\u00e7\u00f5es que seja atrativo para seus seguidores, trabalhamos com conte\u00fados estrat\u00e9gicos, plurais e pensados personalizadamente para seu perfil, tendo em considera\u00e7\u00e3o seus objetivos pessoais. Somos uma empresa com 6 anos de mercado [&hellip;]<\/p>\n","protected":false},"author":1,"featured_media":182,"parent":0,"menu_order":0,"comment_status":"closed","ping_status":"closed","template":"elementor_header_footer","meta":{"om_disable_all_campaigns":false,"_monsterinsights_skip_tracking":false,"_monsterinsights_sitenote_active":false,"_monsterinsights_sitenote_note":"","_monsterinsights_sitenote_category":0},"aioseo_notices":[],"_links":{"self":[{"href":"https:\/\/classemarketingdigital.com.br\/index.php\/wp-json\/wp\/v2\/pages\/160"}],"collection":[{"href":"https:\/\/classemarketingdigital.com.br\/index.php\/wp-json\/wp\/v2\/pages"}],"about":[{"href":"https:\/\/classemarketingdigital.com.br\/index.php\/wp-json\/wp\/v2\/types\/page"}],"author":[{"embeddable":true,"href":"https:\/\/classemarketingdigital.com.br\/index.php\/wp-json\/wp\/v2\/users\/1"}],"replies":[{"embeddable":true,"href":"https:\/\/classemarketingdigital.com.br\/index.php\/wp-json\/wp\/v2\/comments?post=160"}],"version-history":[{"count":21,"href":"https:\/\/classemarketingdigital.com.br\/index.php\/wp-json\/wp\/v2\/pages\/160\/revisions"}],"predecessor-version":[{"id":517,"href":"https:\/\/classemarketingdigital.com.br\/index.php\/wp-json\/wp\/v2\/pages\/160\/revisions\/517"}],"wp:featuredmedia":[{"embeddable":true,"href":"https:\/\/classemarketingdigital.com.br\/index.php\/wp-json\/wp\/v2\/media\/182"}],"wp:attachment":[{"href":"https:\/\/classemarketingdigital.com.br\/index.php\/wp-json\/wp\/v2\/media?parent=160"}],"curies":[{"name":"wp","href":"https:\/\/api.w.org\/{rel}","templated":true}]}}